{"id":606,"date":"2020-01-15T01:02:18","date_gmt":"2020-01-15T01:02:18","guid":{"rendered":"http:\/\/www.wbprogow.com\/?page_id=606"},"modified":"2025-02-06T10:46:14","modified_gmt":"2025-02-06T10:46:14","slug":"about-us-2","status":"publish","type":"page","link":"https:\/\/www.wbprogow.com\/?page_id=606","title":{"rendered":"About us"},"content":{"rendered":"\t\t<div data-elementor-type=\"wp-page\" data-elementor-id=\"606\" class=\"elementor elementor-606\" data-elementor-post-type=\"page\">\n\t\t\t\t\t\t<section class=\"elementor-section elementor-top-section elementor-element elementor-element-70f7ad66 elementor-section-content-middle elementor-section-boxed elementor-section-height-default elementor-section-height-default\" data-id=\"70f7ad66\" data-element_type=\"section\">\n\t\t\t\t\t\t<div class=\"elementor-container elementor-column-gap-no\">\n\t\t\t\t\t<div class=\"elementor-column elementor-col-100 elementor-top-column elementor-element elementor-element-579e6ea8\" data-id=\"579e6ea8\" data-element_type=\"column\">\n\t\t\t<div class=\"elementor-widget-wrap elementor-element-populated\">\n\t\t\t\t\t\t<div class=\"elementor-element elementor-element-4dce84a0 elementor-invisible elementor-widget elementor-widget-heading\" data-id=\"4dce84a0\" data-element_type=\"widget\" data-settings=\"{&quot;_animation&quot;:&quot;zoomIn&quot;}\" data-widget_type=\"heading.default\">\n\t\t\t\t<div class=\"elementor-widget-container\">\n\t\t\t\t\t<h2 class=\"elementor-heading-title elementor-size-default\">ABOUT US<\/h2>\t\t\t\t<\/div>\n\t\t\t\t<\/div>\n\t\t\t\t\t<\/div>\n\t\t<\/div>\n\t\t\t\t\t<\/div>\n\t\t<\/section>\n\t\t\t\t<section class=\"elementor-section elementor-top-section elementor-element elementor-element-5f5f3079 elementor-section-content-middle elementor-section-boxed elementor-section-height-default elementor-section-height-default\" data-id=\"5f5f3079\" data-element_type=\"section\" data-settings=\"{&quot;background_background&quot;:&quot;classic&quot;}\">\n\t\t\t\t\t\t<div class=\"elementor-container elementor-column-gap-no\">\n\t\t\t\t\t<div class=\"elementor-column elementor-col-50 elementor-top-column elementor-element elementor-element-6f3c81b4\" data-id=\"6f3c81b4\" data-element_type=\"column\">\n\t\t\t<div class=\"elementor-widget-wrap elementor-element-populated\">\n\t\t\t\t\t\t<div class=\"elementor-element elementor-element-49c715b6 elementor-widget elementor-widget-image\" data-id=\"49c715b6\" data-element_type=\"widget\" data-widget_type=\"image.default\">\n\t\t\t\t<div class=\"elementor-widget-container\">\n\t\t\t\t\t\t\t\t\t\t\t\t\t\t\t<img decoding=\"async\" src=\"https:\/\/www.wbprogow.com\/wp-content\/uploads\/elementor\/thumbs\/podstawa-cel-1024x576-1-e1578598414768-ooj3bwnvhorbam2keeogxet2lqfqzuj1k4tlidz90w.jpg\" title=\"podstawa-cel-1024&#215;576-1-e1578598414768.jpg\" alt=\"podstawa-cel-1024x576-1-e1578598414768.jpg\" loading=\"lazy\" \/>\t\t\t\t\t\t\t\t\t\t\t\t\t\t\t<\/div>\n\t\t\t\t<\/div>\n\t\t\t\t\t<\/div>\n\t\t<\/div>\n\t\t\t\t<div class=\"elementor-column elementor-col-50 elementor-top-column elementor-element elementor-element-5ae60277\" data-id=\"5ae60277\" data-element_type=\"column\" data-settings=\"{&quot;background_background&quot;:&quot;classic&quot;}\">\n\t\t\t<div class=\"elementor-widget-wrap elementor-element-populated\">\n\t\t\t\t\t\t<div class=\"elementor-element elementor-element-3c20332f elementor-widget elementor-widget-text-editor\" data-id=\"3c20332f\" data-element_type=\"widget\" data-widget_type=\"text-editor.default\">\n\t\t\t\t<div class=\"elementor-widget-container\">\n\t\t\t\t\t\t\t\t\t<p><strong>Wytw\u00f3rnia Broni Jacek Popi\u0144ski<\/strong> (WBP) is an independent privately-owned manufacturing company with its premises in Rog\u00f3w, Poland. Our manufacturing facility maintains a fully equipped workshop for manufacturing, maintenance, repair and upgrade of small arms.<\/p><p>Our core business is the production of <strong>7.62x39mm and 5,56x45mm\/.223 Rem.<\/strong> assault rifles both in semi-automatic and full-automatic mode. We serve customers from around the world including militaries, law enforcement, contractors, security agencies and civilian clients. Our know-how allows us to design and develop our own parts and accessories that modify and improve the AK platform.<\/p>\t\t\t\t\t\t\t\t<\/div>\n\t\t\t\t<\/div>\n\t\t\t\t\t<\/div>\n\t\t<\/div>\n\t\t\t\t\t<\/div>\n\t\t<\/section>\n\t\t\t\t<section class=\"elementor-section elementor-top-section elementor-element elementor-element-7539690c elementor-section-content-middle elementor-reverse-mobile elementor-section-boxed elementor-section-height-default elementor-section-height-default\" data-id=\"7539690c\" data-element_type=\"section\" data-settings=\"{&quot;background_background&quot;:&quot;classic&quot;}\">\n\t\t\t\t\t\t<div class=\"elementor-container elementor-column-gap-no\">\n\t\t\t\t\t<div class=\"elementor-column elementor-col-50 elementor-top-column elementor-element elementor-element-550d0ca9\" data-id=\"550d0ca9\" data-element_type=\"column\" data-settings=\"{&quot;background_background&quot;:&quot;classic&quot;}\">\n\t\t\t<div class=\"elementor-widget-wrap elementor-element-populated\">\n\t\t\t\t\t\t<div class=\"elementor-element elementor-element-30069c70 elementor-widget elementor-widget-text-editor\" data-id=\"30069c70\" data-element_type=\"widget\" data-widget_type=\"text-editor.default\">\n\t\t\t\t<div class=\"elementor-widget-container\">\n\t\t\t\t\t\t\t\t\t<p>Currently WBP hires over 80 highly trained staff, including engineers, designers, CNC operators and assembly workers. We are the only privately-owned small arms manufacturer in Poland with such production, assembly and storage capacity.<\/p><p>WBP posseses <strong>licenses and certificates<\/strong> required by the Polish Ministry of Interior to manufacture, store and trade arms. We are also working under the auspices of an <strong>Internal Control System<\/strong> and <strong>ISO<\/strong> ensuring that all our practices and procedures are compliant with the <strong>highest standards.<\/strong><\/p>\t\t\t\t\t\t\t\t<\/div>\n\t\t\t\t<\/div>\n\t\t\t\t\t<\/div>\n\t\t<\/div>\n\t\t\t\t<div class=\"elementor-column elementor-col-50 elementor-top-column elementor-element elementor-element-28554179\" data-id=\"28554179\" data-element_type=\"column\">\n\t\t\t<div class=\"elementor-widget-wrap elementor-element-populated\">\n\t\t\t\t\t\t<div class=\"elementor-element elementor-element-2522ceac elementor-widget elementor-widget-image\" data-id=\"2522ceac\" data-element_type=\"widget\" data-widget_type=\"image.default\">\n\t\t\t\t<div class=\"elementor-widget-container\">\n\t\t\t\t\t\t\t\t\t\t\t\t\t\t\t<img decoding=\"async\" src=\"https:\/\/www.wbprogow.com\/wp-content\/uploads\/elementor\/thumbs\/magazynek_polimerowy_wbp_2-1-ooj3cl3pn8h7ah8sum3xubhf33ax7qfs7ade4zg8k8.jpg\" title=\"magazynek_polimerowy_wbp_2.jpg\" alt=\"magazynek_polimerowy_wbp_2.jpg\" loading=\"lazy\" \/>\t\t\t\t\t\t\t\t\t\t\t\t\t\t\t<\/div>\n\t\t\t\t<\/div>\n\t\t\t\t\t<\/div>\n\t\t<\/div>\n\t\t\t\t\t<\/div>\n\t\t<\/section>\n\t\t\t\t<section class=\"elementor-section elementor-top-section elementor-element elementor-element-7cccc9d7 elementor-section-boxed elementor-section-height-default elementor-section-height-default\" data-id=\"7cccc9d7\" data-element_type=\"section\" data-settings=\"{&quot;background_background&quot;:&quot;classic&quot;,&quot;shape_divider_top&quot;:&quot;triangle-asymmetrical&quot;}\">\n\t\t\t\t\t\t\t<div class=\"elementor-background-overlay\"><\/div>\n\t\t\t\t\t\t<div class=\"elementor-shape elementor-shape-top\" aria-hidden=\"true\" data-negative=\"false\">\n\t\t\t<svg xmlns=\"http:\/\/www.w3.org\/2000\/svg\" viewBox=\"0 0 1000 100\" preserveAspectRatio=\"none\">\n\t<path class=\"elementor-shape-fill\" d=\"M738,99l262-93V0H0v5.6L738,99z\"\/>\n<\/svg>\t\t<\/div>\n\t\t\t\t\t<div class=\"elementor-container elementor-column-gap-default\">\n\t\t\t\t\t<div class=\"elementor-column elementor-col-100 elementor-top-column elementor-element elementor-element-21e3aeef\" data-id=\"21e3aeef\" data-element_type=\"column\">\n\t\t\t<div class=\"elementor-widget-wrap\">\n\t\t\t\t\t\t\t<\/div>\n\t\t<\/div>\n\t\t\t\t\t<\/div>\n\t\t<\/section>\n\t\t\t\t<section class=\"elementor-section elementor-top-section elementor-element elementor-element-7b5a7f51 elementor-section-boxed elementor-section-height-default elementor-section-height-default\" data-id=\"7b5a7f51\" data-element_type=\"section\" data-settings=\"{&quot;background_background&quot;:&quot;classic&quot;}\">\n\t\t\t\t\t\t<div class=\"elementor-container elementor-column-gap-default\">\n\t\t\t\t\t<div class=\"elementor-column elementor-col-100 elementor-top-column elementor-element elementor-element-cc3ae2b\" data-id=\"cc3ae2b\" data-element_type=\"column\">\n\t\t\t<div class=\"elementor-widget-wrap elementor-element-populated\">\n\t\t\t\t\t\t<div class=\"elementor-element elementor-element-6300eefc elementor-widget elementor-widget-heading\" data-id=\"6300eefc\" data-element_type=\"widget\" data-widget_type=\"heading.default\">\n\t\t\t\t<div class=\"elementor-widget-container\">\n\t\t\t\t\t<h2 class=\"elementor-heading-title elementor-size-default\">clearances and concessions <\/h2>\t\t\t\t<\/div>\n\t\t\t\t<\/div>\n\t\t\t\t\t<\/div>\n\t\t<\/div>\n\t\t\t\t\t<\/div>\n\t\t<\/section>\n\t\t\t\t<section class=\"elementor-section elementor-top-section elementor-element elementor-element-4e0c533b elementor-section-boxed elementor-section-height-default elementor-section-height-default\" data-id=\"4e0c533b\" data-element_type=\"section\">\n\t\t\t\t\t\t<div class=\"elementor-container elementor-column-gap-default\">\n\t\t\t\t\t<div class=\"elementor-column elementor-col-100 elementor-top-column elementor-element elementor-element-1d5e63b\" data-id=\"1d5e63b\" data-element_type=\"column\">\n\t\t\t<div class=\"elementor-widget-wrap elementor-element-populated\">\n\t\t\t\t\t\t<div class=\"elementor-element elementor-element-5396e3b elementor-widget elementor-widget-gallery\" data-id=\"5396e3b\" data-element_type=\"widget\" data-settings=\"{&quot;gallery_layout&quot;:&quot;justified&quot;,&quot;ideal_row_height&quot;:{&quot;unit&quot;:&quot;px&quot;,&quot;size&quot;:213,&quot;sizes&quot;:[]},&quot;gap&quot;:{&quot;unit&quot;:&quot;px&quot;,&quot;size&quot;:0,&quot;sizes&quot;:[]},&quot;lazyload&quot;:&quot;yes&quot;,&quot;ideal_row_height_tablet&quot;:{&quot;unit&quot;:&quot;px&quot;,&quot;size&quot;:150,&quot;sizes&quot;:[]},&quot;ideal_row_height_mobile&quot;:{&quot;unit&quot;:&quot;px&quot;,&quot;size&quot;:150,&quot;sizes&quot;:[]},&quot;gap_tablet&quot;:{&quot;unit&quot;:&quot;px&quot;,&quot;size&quot;:10,&quot;sizes&quot;:[]},&quot;gap_mobile&quot;:{&quot;unit&quot;:&quot;px&quot;,&quot;size&quot;:10,&quot;sizes&quot;:[]},&quot;link_to&quot;:&quot;file&quot;,&quot;overlay_background&quot;:&quot;yes&quot;,&quot;content_hover_animation&quot;:&quot;fade-in&quot;}\" data-widget_type=\"gallery.default\">\n\t\t\t\t<div class=\"elementor-widget-container\">\n\t\t\t\t\t\t\t<div class=\"elementor-gallery__container\">\n\t\t\t\t\t\t\t<a class=\"e-gallery-item elementor-gallery-item elementor-animated-content\" href=\"https:\/\/www.wbprogow.com\/wp-content\/uploads\/2025\/02\/W_192_5_2024-WYTWORNIA-BRONI-cert.-ang-sign_page-0001.jpg\" data-elementor-open-lightbox=\"yes\" data-elementor-lightbox-slideshow=\"5396e3b\" data-elementor-lightbox-title=\"W_192_5_2024 WYTW\u00d3RNIA BRONI - cert. ang sign_page-0001\" data-e-action-hash=\"#elementor-action%3Aaction%3Dlightbox%26settings%3DeyJpZCI6NDE0MCwidXJsIjoiaHR0cHM6XC9cL3d3dy53YnByb2dvdy5jb21cL3dwLWNvbnRlbnRcL3VwbG9hZHNcLzIwMjVcLzAyXC9XXzE5Ml81XzIwMjQtV1lUV09STklBLUJST05JLWNlcnQuLWFuZy1zaWduX3BhZ2UtMDAwMS5qcGciLCJzbGlkZXNob3ciOiI1Mzk2ZTNiIn0%3D\">\n\t\t\t\t\t<div class=\"e-gallery-image elementor-gallery-item__image\" data-thumbnail=\"https:\/\/www.wbprogow.com\/wp-content\/uploads\/2025\/02\/W_192_5_2024-WYTWORNIA-BRONI-cert.-ang-sign_page-0001.jpg\" data-width=\"1241\" data-height=\"1755\" aria-label=\"\" role=\"img\" ><\/div>\n\t\t\t\t\t\t\t\t\t\t\t<div class=\"elementor-gallery-item__overlay\"><\/div>\n\t\t\t\t\t\t\t\t\t\t\t\t\t\t<\/a>\n\t\t\t\t\t\t\t<a class=\"e-gallery-item elementor-gallery-item elementor-animated-content\" href=\"https:\/\/www.wbprogow.com\/wp-content\/uploads\/2025\/02\/J_2311_7_2024-WYTWORNIA-BRONI-cert.-IQNET-sign_page-0001.jpg\" data-elementor-open-lightbox=\"yes\" data-elementor-lightbox-slideshow=\"5396e3b\" data-elementor-lightbox-title=\"J_2311_7_2024 WYTW\u00d3RNIA BRONI - cert. IQNET sign_page-0001\" data-e-action-hash=\"#elementor-action%3Aaction%3Dlightbox%26settings%3DeyJpZCI6NDE0MSwidXJsIjoiaHR0cHM6XC9cL3d3dy53YnByb2dvdy5jb21cL3dwLWNvbnRlbnRcL3VwbG9hZHNcLzIwMjVcLzAyXC9KXzIzMTFfN18yMDI0LVdZVFdPUk5JQS1CUk9OSS1jZXJ0Li1JUU5FVC1zaWduX3BhZ2UtMDAwMS5qcGciLCJzbGlkZXNob3ciOiI1Mzk2ZTNiIn0%3D\">\n\t\t\t\t\t<div class=\"e-gallery-image elementor-gallery-item__image\" data-thumbnail=\"https:\/\/www.wbprogow.com\/wp-content\/uploads\/2025\/02\/J_2311_7_2024-WYTWORNIA-BRONI-cert.-IQNET-sign_page-0001.jpg\" data-width=\"1241\" data-height=\"1755\" aria-label=\"\" role=\"img\" ><\/div>\n\t\t\t\t\t\t\t\t\t\t\t<div class=\"elementor-gallery-item__overlay\"><\/div>\n\t\t\t\t\t\t\t\t\t\t\t\t\t\t<\/a>\n\t\t\t\t\t\t\t<a class=\"e-gallery-item elementor-gallery-item elementor-animated-content\" href=\"https:\/\/www.wbprogow.com\/wp-content\/uploads\/2021\/12\/SKM_C454e21121716430.jpg\" data-elementor-open-lightbox=\"yes\" data-elementor-lightbox-slideshow=\"5396e3b\" data-elementor-lightbox-title=\"SKM_C454e21121716430\" data-e-action-hash=\"#elementor-action%3Aaction%3Dlightbox%26settings%3DeyJpZCI6OTgyLCJ1cmwiOiJodHRwczpcL1wvd3d3LndicHJvZ293LmNvbVwvd3AtY29udGVudFwvdXBsb2Fkc1wvMjAyMVwvMTJcL1NLTV9DNDU0ZTIxMTIxNzE2NDMwLmpwZyIsInNsaWRlc2hvdyI6IjUzOTZlM2IifQ%3D%3D\">\n\t\t\t\t\t<div class=\"e-gallery-image elementor-gallery-item__image\" data-thumbnail=\"https:\/\/www.wbprogow.com\/wp-content\/uploads\/2021\/12\/SKM_C454e21121716430.jpg\" data-width=\"1653\" data-height=\"2338\" aria-label=\"\" role=\"img\" ><\/div>\n\t\t\t\t\t\t\t\t\t\t\t<div class=\"elementor-gallery-item__overlay\"><\/div>\n\t\t\t\t\t\t\t\t\t\t\t\t\t\t<\/a>\n\t\t\t\t\t\t\t<a class=\"e-gallery-item elementor-gallery-item elementor-animated-content\" href=\"https:\/\/www.wbprogow.com\/wp-content\/uploads\/2020\/02\/Skanuj_20200113_120453-scaled.jpeg\" data-elementor-open-lightbox=\"yes\" data-elementor-lightbox-slideshow=\"5396e3b\" data-elementor-lightbox-title=\"Skanuj_20200113_120453\" data-e-action-hash=\"#elementor-action%3Aaction%3Dlightbox%26settings%3DeyJpZCI6ODE4LCJ1cmwiOiJodHRwczpcL1wvd3d3LndicHJvZ293LmNvbVwvd3AtY29udGVudFwvdXBsb2Fkc1wvMjAyMFwvMDJcL1NrYW51al8yMDIwMDExM18xMjA0NTMtc2NhbGVkLmpwZWciLCJzbGlkZXNob3ciOiI1Mzk2ZTNiIn0%3D\">\n\t\t\t\t\t<div class=\"e-gallery-image elementor-gallery-item__image\" data-thumbnail=\"https:\/\/www.wbprogow.com\/wp-content\/uploads\/2020\/02\/Skanuj_20200113_120453-scaled.jpeg\" data-width=\"1696\" data-height=\"2560\" aria-label=\"\" role=\"img\" ><\/div>\n\t\t\t\t\t\t\t\t\t\t\t<div class=\"elementor-gallery-item__overlay\"><\/div>\n\t\t\t\t\t\t\t\t\t\t\t\t\t\t<\/a>\n\t\t\t\t\t\t\t<a class=\"e-gallery-item elementor-gallery-item elementor-animated-content\" href=\"https:\/\/www.wbprogow.com\/wp-content\/uploads\/2020\/02\/00011-scaled.jpg\" data-elementor-open-lightbox=\"yes\" data-elementor-lightbox-slideshow=\"5396e3b\" data-elementor-lightbox-title=\"0001(1)\" data-e-action-hash=\"#elementor-action%3Aaction%3Dlightbox%26settings%3DeyJpZCI6ODE3LCJ1cmwiOiJodHRwczpcL1wvd3d3LndicHJvZ293LmNvbVwvd3AtY29udGVudFwvdXBsb2Fkc1wvMjAyMFwvMDJcLzAwMDExLXNjYWxlZC5qcGciLCJzbGlkZXNob3ciOiI1Mzk2ZTNiIn0%3D\">\n\t\t\t\t\t<div class=\"e-gallery-image elementor-gallery-item__image\" data-thumbnail=\"https:\/\/www.wbprogow.com\/wp-content\/uploads\/2020\/02\/00011-scaled.jpg\" data-width=\"1811\" data-height=\"2560\" aria-label=\"\" role=\"img\" ><\/div>\n\t\t\t\t\t\t\t\t\t\t\t<div class=\"elementor-gallery-item__overlay\"><\/div>\n\t\t\t\t\t\t\t\t\t\t\t\t\t\t<\/a>\n\t\t\t\t\t<\/div>\n\t\t\t\t\t<\/div>\n\t\t\t\t<\/div>\n\t\t\t\t\t<\/div>\n\t\t<\/div>\n\t\t\t\t\t<\/div>\n\t\t<\/section>\n\t\t\t\t<\/div>\n\t\t","protected":false},"excerpt":{"rendered":"<p>ABOUT US Wytw\u00f3rnia Broni Jacek Popi\u0144ski (WBP) is an independent privately-owned manufacturing company with its premises in Rog\u00f3w, Poland. Our manufacturing facility maintains a fully equipped workshop for manufacturing, maintenance, repair and upgrade of small arms. Our core business is the production of 7.62x39mm and 5,56x45mm\/.223 Rem. assault rifles both in semi-automatic and full-automatic mode.&hellip;&nbsp;<a href=\"https:\/\/www.wbprogow.com\/?page_id=606\" rel=\"bookmark\">Read More &raquo;<span class=\"screen-reader-text\">About us<\/span><\/a><\/p>\n","protected":false},"author":1,"featured_media":0,"parent":0,"menu_order":0,"comment_status":"closed","ping_status":"closed","template":"page-templates\/template-pagebuilder-full-width.php","meta":{"neve_meta_sidebar":"full-width","neve_meta_container":"","neve_meta_enable_content_width":"on","neve_meta_content_width":100,"neve_meta_title_alignment":"","neve_meta_author_avatar":"","neve_post_elements_order":"","neve_meta_disable_header":"","neve_meta_disable_footer":"","neve_meta_disable_title":"","footnotes":""},"class_list":["post-606","page","type-page","status-publish","hentry"],"aioseo_notices":[],"_links":{"self":[{"href":"https:\/\/www.wbprogow.com\/index.php?rest_route=\/wp\/v2\/pages\/606","targetHints":{"allow":["GET"]}}],"collection":[{"href":"https:\/\/www.wbprogow.com\/index.php?rest_route=\/wp\/v2\/pages"}],"about":[{"href":"https:\/\/www.wbprogow.com\/index.php?rest_route=\/wp\/v2\/types\/page"}],"author":[{"embeddable":true,"href":"https:\/\/www.wbprogow.com\/index.php?rest_route=\/wp\/v2\/users\/1"}],"replies":[{"embeddable":true,"href":"https:\/\/www.wbprogow.com\/index.php?rest_route=%2Fwp%2Fv2%2Fcomments&post=606"}],"version-history":[{"count":22,"href":"https:\/\/www.wbprogow.com\/index.php?rest_route=\/wp\/v2\/pages\/606\/revisions"}],"predecessor-version":[{"id":4145,"href":"https:\/\/www.wbprogow.com\/index.php?rest_route=\/wp\/v2\/pages\/606\/revisions\/4145"}],"wp:attachment":[{"href":"https:\/\/www.wbprogow.com\/index.php?rest_route=%2Fwp%2Fv2%2Fmedia&parent=606"}],"curies":[{"name":"wp","href":"https:\/\/api.w.org\/{rel}","templated":true}]}}